{"id":107,"date":"2019-12-07T19:32:09","date_gmt":"2019-12-07T19:32:09","guid":{"rendered":"http:\/\/www.juro-archery.fi\/?page_id=107"},"modified":"2019-12-08T07:16:57","modified_gmt":"2019-12-08T07:16:57","slug":"jousen-ja-nuolten-saataminen","status":"publish","type":"page","link":"http:\/\/www.juro-archery.fi\/index.php\/jousen-ja-nuolten-saataminen\/","title":{"rendered":"Opas jousen ja nuolten s\u00e4\u00e4t\u00e4miseen"},"content":{"rendered":"\n<p><strong>Oheisessa tiedostossa perusopastus jousen ja nuolten s\u00e4\u00e4t\u00e4miseen<\/strong><\/p>\n\n\n\n<div class=\"wp-block-file\"><a href=\"http:\/\/www.juro-archery.fi\/wp-content\/uploads\/2019\/12\/Jousen-ja-nuolen-saato.pdf\">Jousen ja nuolen s\u00e4\u00e4t\u00f6<\/a><a href=\"http:\/\/www.juro-archery.fi\/wp-content\/uploads\/2019\/12\/Jousen-ja-nuolen-saato.pdf\" class=\"wp-block-file__button\" download>Lataa<\/a><\/div>\n\n\n\n<p><strong>Bearpaw:n puunuolivarsien valintataulukko:<\/strong><\/p>\n\n\n\n<p><a href=\"http:\/\/download.bearpaw-blog.com\/wp-content\/uploads\/dateien\/henrys-spinetable-woodenshafts-web.jpg\"><em>http:\/\/download.bearpaw-blog.com\/wp-content\/uploads\/dateien\/henrys-spinetable-woodenshafts-web.jpg<\/em><\/a><\/p>\n\n\n\n<p><strong>Bearpaw:n hiilikuituvarsien datataulukot:<\/strong><\/p>\n\n\n\n<p><a href=\"http:\/\/download.bearpaw-blog.com\/wp-content\/uploads\/dateien\/penthalon-traditional-line-data-file-web.jpg\"><em>http:\/\/download.bearpaw-blog.com\/wp-content\/uploads\/dateien\/penthalon-traditional-line-data-file-web.jpg<\/em><\/a><\/p>\n\n\n\n<p><\/p>\n\n\n\n<p><\/p>\n\n\n\n<p><\/p>\n","protected":false},"excerpt":{"rendered":"<p>Oheisessa tiedostossa perusopastus jousen ja nuolten s\u00e4\u00e4t\u00e4miseen Bearpaw:n puunuolivarsien valintataulukko: http:\/\/download.bearpaw-blog.com\/wp-content\/uploads\/dateien\/henrys-spinetable-woodenshafts-web.jpg Bearpaw:n hiilikuituvarsien datataulukot: http:\/\/download.bearpaw-blog.com\/wp-content\/uploads\/dateien\/penthalon-traditional-line-data-file-web.jpg<\/p>\n","protected":false},"author":1,"featured_media":0,"parent":0,"menu_order":0,"comment_status":"closed","ping_status":"closed","template":"","meta":{"footnotes":""},"_links":{"self":[{"href":"http:\/\/www.juro-archery.fi\/index.php\/wp-json\/wp\/v2\/pages\/107"}],"collection":[{"href":"http:\/\/www.juro-archery.fi\/index.php\/wp-json\/wp\/v2\/pages"}],"about":[{"href":"http:\/\/www.juro-archery.fi\/index.php\/wp-json\/wp\/v2\/types\/page"}],"author":[{"embeddable":true,"href":"http:\/\/www.juro-archery.fi\/index.php\/wp-json\/wp\/v2\/users\/1"}],"replies":[{"embeddable":true,"href":"http:\/\/www.juro-archery.fi\/index.php\/wp-json\/wp\/v2\/comments?post=107"}],"version-history":[{"count":5,"href":"http:\/\/www.juro-archery.fi\/index.php\/wp-json\/wp\/v2\/pages\/107\/revisions"}],"predecessor-version":[{"id":113,"href":"http:\/\/www.juro-archery.fi\/index.php\/wp-json\/wp\/v2\/pages\/107\/revisions\/113"}],"wp:attachment":[{"href":"http:\/\/www.juro-archery.fi\/index.php\/wp-json\/wp\/v2\/media?parent=107"}],"curies":[{"name":"wp","href":"https:\/\/api.w.org\/{rel}","templated":true}]}}